{"id":1453,"date":"2024-06-05T00:21:57","date_gmt":"2024-06-05T00:21:57","guid":{"rendered":"http:\/\/ringsem.ee\/amar\/cart\/"},"modified":"2025-01-20T16:03:02","modified_gmt":"2025-01-20T14:03:02","slug":"cart","status":"publish","type":"page","link":"http:\/\/ringsem.ee\/amar\/cart\/","title":{"rendered":"Ostukorv"},"content":{"rendered":"\t\t<div data-elementor-type=\"wp-page\" data-elementor-id=\"1453\" class=\"elementor elementor-1453\">\n\t\t\t\t<div class=\"elementor-element elementor-element-8f047e2 e-grid e-con-boxed e-con e-parent\" data-id=\"8f047e2\" data-element_type=\"container\" data-e-type=\"container\">\n\t\t\t\t\t<div class=\"e-con-inner\">\n\t\t\t\t<div class=\"elementor-element elementor-element-f3d49bd elementor-widget elementor-widget-image\" data-id=\"f3d49bd\" data-element_type=\"widget\" data-e-type=\"widget\" data-widget_type=\"image.default\">\n\t\t\t\t<div class=\"elementor-widget-container\">\n\t\t\t\t\t\t\t\t\t\t\t\t\t\t\t<img decoding=\"async\" width=\"300\" height=\"150\" src=\"https:\/\/www.ringsem.ee\/amar\/wp-content\/uploads\/2025\/01\/Ringsem-logo-valge-taust-300x150.png\" class=\"attachment-medium size-medium wp-image-2258\" alt=\"\" srcset=\"http:\/\/www.ringsem.ee\/amar\/wp-content\/uploads\/2025\/01\/Ringsem-logo-valge-taust-300x150.png 300w, http:\/\/www.ringsem.ee\/amar\/wp-content\/uploads\/2025\/01\/Ringsem-logo-valge-taust.png 600w\" sizes=\"(max-width: 300px) 100vw, 300px\" \/>\t\t\t\t\t\t\t\t\t\t\t\t\t\t\t<\/div>\n\t\t\t\t<\/div>\n\t\t\t\t<div class=\"elementor-element elementor-element-86ba722 elementor-widget__width-auto elementor-widget elementor-widget-text-editor\" data-id=\"86ba722\" data-element_type=\"widget\" data-e-type=\"widget\" data-widget_type=\"text-editor.default\">\n\t\t\t\t<div class=\"elementor-widget-container\">\n\t\t\t\t\t\t\t\t\t<h6>Meie e-poes saate valida soovitud koguse, ning n\u00e4ha toodete maksumust. Toodete tarneaeg on&nbsp; kuni 5 n\u00e4dalat. L<span style=\"color: var(--ast-global-color-2); font-size: 1.125rem; font-style: inherit; text-align: var(--text-align); background-color: var(--ast-global-color-5);\">aos olevad tooted saame tarnida keskmiselt 1-2 t\u00f6\u00f6p\u00e4eva jooksul.&nbsp;<\/span><\/h6>\n<h6>Vajutades &#8220;saada p\u00e4ring&#8221; nuppu edastatakse andmed meie t\u00f6\u00f6tajale kes saadab Teile info laoseisu v\u00f5imaliku transpordi maksumuse kohta.&nbsp;<\/h6><h6>Tellitavatel kaupadel tuleb ostusumma maksta enne kaupade v\u00e4ljastamist.&nbsp;&nbsp;<\/h6>\t\t\t\t\t\t\t\t<\/div>\n\t\t\t\t<\/div>\n\t\t\t\t\t<\/div>\n\t\t\t\t<\/div>\n\t\t<div class=\"elementor-element elementor-element-6760de61 e-flex e-con-boxed e-con e-parent\" data-id=\"6760de61\" data-element_type=\"container\" data-e-type=\"container\">\n\t\t\t\t\t<div class=\"e-con-inner\">\n\t\t\t\t<div class=\"elementor-element elementor-element-7c7825d7 elementor-widget elementor-widget-text-editor\" data-id=\"7c7825d7\" data-element_type=\"widget\" data-e-type=\"widget\" data-widget_type=\"text-editor.default\">\n\t\t\t\t<div class=\"elementor-widget-container\">\n\t\t\t\t\t\t\t\t\t<div class=\"woocommerce\">\n<div class=\"woocommerce-notices-wrapper\"><\/div>\n<div class=\"wc-empty-cart-message\">\n<div class=\"cart-empty woocommerce-info\" role=\"status\">\n\t\tSinu ostukorv on hetkel t\u00fchi.\t<\/div>\n<\/div>\n<p class=\"return-to-shop\">\n\t\t<a class=\"button wc-backward\" href=\"http:\/\/ringsem.ee\/amar\/pood\/\"><br \/>\n\t\t\tTagasi poodi\t\t<\/a>\n\t<\/p>\n<\/div>\n\t\t\t\t\t\t\t\t<\/div>\n\t\t\t\t<\/div>\n\t\t\t\t\t<\/div>\n\t\t\t\t<\/div>\n\t\t\t\t<\/div>\n\t\t","protected":false},"excerpt":{"rendered":"<p>Meie e-poes saate valida soovitud koguse, ning n\u00e4ha toodete maksumust. Toodete tarneaeg on&nbsp; kuni 5 n\u00e4dalat. Laos olevad tooted saame tarnida keskmiselt 1-2 t\u00f6\u00f6p\u00e4eva jooksul.&nbsp; Vajutades &#8220;saada p\u00e4ring&#8221; nuppu edastatakse andmed meie t\u00f6\u00f6tajale kes saadab Teile info laoseisu v\u00f5imaliku transpordi maksumuse kohta.&nbsp; Tellitavatel kaupadel tuleb ostusumma maksta enne kaupade v\u00e4ljastamist.&nbsp;&nbsp;<\/p>\n","protected":false},"author":1,"featured_media":0,"parent":0,"menu_order":0,"comment_status":"closed","ping_status":"closed","template":"","meta":{"_uag_custom_page_level_css":"","site-sidebar-layout":"default","site-content-layout":"","ast-site-content-layout":"default","site-content-style":"default","site-sidebar-style":"default","ast-global-header-display":"","ast-banner-title-visibility":"","ast-main-header-display":"","ast-hfb-above-header-display":"","ast-hfb-below-header-display":"","ast-hfb-mobile-header-display":"","site-post-title":"","ast-breadcrumbs-content":"","ast-featured-img":"","footer-sml-layout":"","theme-transparent-header-meta":"default","adv-header-id-meta":"","stick-header-meta":"","header-above-stick-meta":"","header-main-stick-meta":"","header-below-stick-meta":"","astra-migrate-meta-layouts":"set","ast-page-background-enabled":"default","ast-page-background-meta":{"desktop":{"background-color":"","background-image":"","background-repeat":"repeat","background-position":"center center","background-size":"auto","background-attachment":"scroll","background-type":"","background-media":"","overlay-type":"","overlay-color":"","overlay-opacity":"","overlay-gradient":""},"tablet":{"background-color":"","background-image":"","background-repeat":"repeat","background-position":"center center","background-size":"auto","background-attachment":"scroll","background-type":"","background-media":"","overlay-type":"","overlay-color":"","overlay-opacity":"","overlay-gradient":""},"mobile":{"background-color":"","background-image":"","background-repeat":"repeat","background-position":"center center","background-size":"auto","background-attachment":"scroll","background-type":"","background-media":"","overlay-type":"","overlay-color":"","overlay-opacity":"","overlay-gradient":""}},"ast-content-background-meta":{"desktop":{"background-color":"var(--ast-global-color-5)","background-image":"","background-repeat":"repeat","background-position":"center center","background-size":"auto","background-attachment":"scroll","background-type":"","background-media":"","overlay-type":"","overlay-color":"","overlay-opacity":"","overlay-gradient":""},"tablet":{"background-color":"var(--ast-global-color-5)","background-image":"","background-repeat":"repeat","background-position":"center center","background-size":"auto","background-attachment":"scroll","background-type":"","background-media":"","overlay-type":"","overlay-color":"","overlay-opacity":"","overlay-gradient":""},"mobile":{"background-color":"var(--ast-global-color-5)","background-image":"","background-repeat":"repeat","background-position":"center center","background-size":"auto","background-attachment":"scroll","background-type":"","background-media":"","overlay-type":"","overlay-color":"","overlay-opacity":"","overlay-gradient":""}},"footnotes":""},"class_list":["post-1453","page","type-page","status-publish","hentry"],"yoast_head":"<!-- This site is optimized with the Yoast SEO plugin v27.5 - https:\/\/yoast.com\/product\/yoast-seo-wordpress\/ -->\n<title>Ostukorv - Ringsem pinnakaitsematid<\/title>\n<meta name=\"robots\" content=\"index, follow, max-snippet:-1, max-image-preview:large, max-video-preview:-1\" \/>\n<link rel=\"canonical\" href=\"https:\/\/ringsem.ee\/amar\/cart\/\" \/>\n<meta property=\"og:locale\" content=\"et_EE\" \/>\n<meta property=\"og:type\" content=\"article\" \/>\n<meta property=\"og:title\" content=\"Ostukorv - Ringsem pinnakaitsematid\" \/>\n<meta property=\"og:description\" content=\"Meie e-poes saate valida soovitud koguse, ning n\u00e4ha toodete maksumust. Toodete tarneaeg on&nbsp; kuni 5 n\u00e4dalat. Laos olevad tooted saame tarnida keskmiselt 1-2 t\u00f6\u00f6p\u00e4eva jooksul.&nbsp; Vajutades &#8220;saada p\u00e4ring&#8221; nuppu edastatakse andmed meie t\u00f6\u00f6tajale kes saadab Teile info laoseisu v\u00f5imaliku transpordi maksumuse kohta.&nbsp; Tellitavatel kaupadel tuleb ostusumma maksta enne kaupade v\u00e4ljastamist.&nbsp;&nbsp;\" \/>\n<meta property=\"og:url\" content=\"https:\/\/ringsem.ee\/amar\/cart\/\" \/>\n<meta property=\"og:site_name\" content=\"Ringsem pinnakaitsematid\" \/>\n<meta property=\"article:publisher\" content=\"https:\/\/www.facebook.com\/profile.php?id=61565360201288\" \/>\n<meta property=\"article:modified_time\" content=\"2025-01-20T14:03:02+00:00\" \/>\n<meta property=\"og:image\" content=\"http:\/\/ringsem.ee\/amar\/wp-content\/uploads\/2025\/01\/Ringsem-logo-valge-taust-300x150.png\" \/>\n<meta name=\"twitter:card\" content=\"summary_large_image\" \/>\n<meta name=\"twitter:label1\" content=\"Est. reading time\" \/>\n\t<meta name=\"twitter:data1\" content=\"1 minut\" \/>\n<script type=\"application\/ld+json\" class=\"yoast-schema-graph\">{\"@context\":\"https:\\\/\\\/schema.org\",\"@graph\":[{\"@type\":\"WebPage\",\"@id\":\"https:\\\/\\\/ringsem.ee\\\/amar\\\/cart\\\/\",\"url\":\"https:\\\/\\\/ringsem.ee\\\/amar\\\/cart\\\/\",\"name\":\"Ostukorv - Ringsem pinnakaitsematid\",\"isPartOf\":{\"@id\":\"https:\\\/\\\/ringsem.ee\\\/amar\\\/#website\"},\"primaryImageOfPage\":{\"@id\":\"https:\\\/\\\/ringsem.ee\\\/amar\\\/cart\\\/#primaryimage\"},\"image\":{\"@id\":\"https:\\\/\\\/ringsem.ee\\\/amar\\\/cart\\\/#primaryimage\"},\"thumbnailUrl\":\"http:\\\/\\\/ringsem.ee\\\/amar\\\/wp-content\\\/uploads\\\/2025\\\/01\\\/Ringsem-logo-valge-taust-300x150.png\",\"datePublished\":\"2024-06-05T00:21:57+00:00\",\"dateModified\":\"2025-01-20T14:03:02+00:00\",\"breadcrumb\":{\"@id\":\"https:\\\/\\\/ringsem.ee\\\/amar\\\/cart\\\/#breadcrumb\"},\"inLanguage\":\"et\",\"potentialAction\":[{\"@type\":\"ReadAction\",\"target\":[\"https:\\\/\\\/ringsem.ee\\\/amar\\\/cart\\\/\"]}]},{\"@type\":\"ImageObject\",\"inLanguage\":\"et\",\"@id\":\"https:\\\/\\\/ringsem.ee\\\/amar\\\/cart\\\/#primaryimage\",\"url\":\"http:\\\/\\\/ringsem.ee\\\/amar\\\/wp-content\\\/uploads\\\/2025\\\/01\\\/Ringsem-logo-valge-taust-300x150.png\",\"contentUrl\":\"http:\\\/\\\/ringsem.ee\\\/amar\\\/wp-content\\\/uploads\\\/2025\\\/01\\\/Ringsem-logo-valge-taust-300x150.png\"},{\"@type\":\"BreadcrumbList\",\"@id\":\"https:\\\/\\\/ringsem.ee\\\/amar\\\/cart\\\/#breadcrumb\",\"itemListElement\":[{\"@type\":\"ListItem\",\"position\":1,\"name\":\"Home\",\"item\":\"https:\\\/\\\/ringsem.ee\\\/amar\\\/\"},{\"@type\":\"ListItem\",\"position\":2,\"name\":\"Ostukorv\"}]},{\"@type\":\"WebSite\",\"@id\":\"https:\\\/\\\/ringsem.ee\\\/amar\\\/#website\",\"url\":\"https:\\\/\\\/ringsem.ee\\\/amar\\\/\",\"name\":\"Ringsem Amar\",\"description\":\"Pinnakaitsemattidega kaitsed aluspinnast olgu selleks muru, sillutis v\u00f5i siseruumide p\u00f5rand.  Ringsem tootevalikus on Danrec-i kvaliteetsed ja pikaealised pinnakaitsematid.\",\"publisher\":{\"@id\":\"https:\\\/\\\/ringsem.ee\\\/amar\\\/#organization\"},\"alternateName\":\"Pinnakaitsematid\",\"potentialAction\":[{\"@type\":\"SearchAction\",\"target\":{\"@type\":\"EntryPoint\",\"urlTemplate\":\"https:\\\/\\\/ringsem.ee\\\/amar\\\/?s={search_term_string}\"},\"query-input\":{\"@type\":\"PropertyValueSpecification\",\"valueRequired\":true,\"valueName\":\"search_term_string\"}}],\"inLanguage\":\"et\"},{\"@type\":\"Organization\",\"@id\":\"https:\\\/\\\/ringsem.ee\\\/amar\\\/#organization\",\"name\":\"Amar pinnakaitsematid\",\"alternateName\":\"Ringsem.ee\",\"url\":\"https:\\\/\\\/ringsem.ee\\\/amar\\\/\",\"logo\":{\"@type\":\"ImageObject\",\"inLanguage\":\"et\",\"@id\":\"https:\\\/\\\/ringsem.ee\\\/amar\\\/#\\\/schema\\\/logo\\\/image\\\/\",\"url\":\"http:\\\/\\\/ringsem.ee\\\/amar\\\/wp-content\\\/uploads\\\/2025\\\/04\\\/cropped-Ringsem-logo-labipaistev-taust.png\",\"contentUrl\":\"http:\\\/\\\/ringsem.ee\\\/amar\\\/wp-content\\\/uploads\\\/2025\\\/04\\\/cropped-Ringsem-logo-labipaistev-taust.png\",\"width\":1234,\"height\":412,\"caption\":\"Amar pinnakaitsematid\"},\"image\":{\"@id\":\"https:\\\/\\\/ringsem.ee\\\/amar\\\/#\\\/schema\\\/logo\\\/image\\\/\"},\"sameAs\":[\"https:\\\/\\\/www.facebook.com\\\/profile.php?id=61565360201288\"]}]}<\/script>\n<!-- \/ Yoast SEO plugin. -->","yoast_head_json":{"title":"Ostukorv - Ringsem pinnakaitsematid","robots":{"index":"index","follow":"follow","max-snippet":"max-snippet:-1","max-image-preview":"max-image-preview:large","max-video-preview":"max-video-preview:-1"},"canonical":"https:\/\/ringsem.ee\/amar\/cart\/","og_locale":"et_EE","og_type":"article","og_title":"Ostukorv - Ringsem pinnakaitsematid","og_description":"Meie e-poes saate valida soovitud koguse, ning n\u00e4ha toodete maksumust. Toodete tarneaeg on&nbsp; kuni 5 n\u00e4dalat. Laos olevad tooted saame tarnida keskmiselt 1-2 t\u00f6\u00f6p\u00e4eva jooksul.&nbsp; Vajutades &#8220;saada p\u00e4ring&#8221; nuppu edastatakse andmed meie t\u00f6\u00f6tajale kes saadab Teile info laoseisu v\u00f5imaliku transpordi maksumuse kohta.&nbsp; Tellitavatel kaupadel tuleb ostusumma maksta enne kaupade v\u00e4ljastamist.&nbsp;&nbsp;","og_url":"https:\/\/ringsem.ee\/amar\/cart\/","og_site_name":"Ringsem pinnakaitsematid","article_publisher":"https:\/\/www.facebook.com\/profile.php?id=61565360201288","article_modified_time":"2025-01-20T14:03:02+00:00","og_image":[{"url":"http:\/\/ringsem.ee\/amar\/wp-content\/uploads\/2025\/01\/Ringsem-logo-valge-taust-300x150.png","type":"","width":"","height":""}],"twitter_card":"summary_large_image","twitter_misc":{"Est. reading time":"1 minut"},"schema":{"@context":"https:\/\/schema.org","@graph":[{"@type":"WebPage","@id":"https:\/\/ringsem.ee\/amar\/cart\/","url":"https:\/\/ringsem.ee\/amar\/cart\/","name":"Ostukorv - Ringsem pinnakaitsematid","isPartOf":{"@id":"https:\/\/ringsem.ee\/amar\/#website"},"primaryImageOfPage":{"@id":"https:\/\/ringsem.ee\/amar\/cart\/#primaryimage"},"image":{"@id":"https:\/\/ringsem.ee\/amar\/cart\/#primaryimage"},"thumbnailUrl":"http:\/\/ringsem.ee\/amar\/wp-content\/uploads\/2025\/01\/Ringsem-logo-valge-taust-300x150.png","datePublished":"2024-06-05T00:21:57+00:00","dateModified":"2025-01-20T14:03:02+00:00","breadcrumb":{"@id":"https:\/\/ringsem.ee\/amar\/cart\/#breadcrumb"},"inLanguage":"et","potentialAction":[{"@type":"ReadAction","target":["https:\/\/ringsem.ee\/amar\/cart\/"]}]},{"@type":"ImageObject","inLanguage":"et","@id":"https:\/\/ringsem.ee\/amar\/cart\/#primaryimage","url":"http:\/\/ringsem.ee\/amar\/wp-content\/uploads\/2025\/01\/Ringsem-logo-valge-taust-300x150.png","contentUrl":"http:\/\/ringsem.ee\/amar\/wp-content\/uploads\/2025\/01\/Ringsem-logo-valge-taust-300x150.png"},{"@type":"BreadcrumbList","@id":"https:\/\/ringsem.ee\/amar\/cart\/#breadcrumb","itemListElement":[{"@type":"ListItem","position":1,"name":"Home","item":"https:\/\/ringsem.ee\/amar\/"},{"@type":"ListItem","position":2,"name":"Ostukorv"}]},{"@type":"WebSite","@id":"https:\/\/ringsem.ee\/amar\/#website","url":"https:\/\/ringsem.ee\/amar\/","name":"Ringsem Amar","description":"Pinnakaitsemattidega kaitsed aluspinnast olgu selleks muru, sillutis v\u00f5i siseruumide p\u00f5rand.  Ringsem tootevalikus on Danrec-i kvaliteetsed ja pikaealised pinnakaitsematid.","publisher":{"@id":"https:\/\/ringsem.ee\/amar\/#organization"},"alternateName":"Pinnakaitsematid","potentialAction":[{"@type":"SearchAction","target":{"@type":"EntryPoint","urlTemplate":"https:\/\/ringsem.ee\/amar\/?s={search_term_string}"},"query-input":{"@type":"PropertyValueSpecification","valueRequired":true,"valueName":"search_term_string"}}],"inLanguage":"et"},{"@type":"Organization","@id":"https:\/\/ringsem.ee\/amar\/#organization","name":"Amar pinnakaitsematid","alternateName":"Ringsem.ee","url":"https:\/\/ringsem.ee\/amar\/","logo":{"@type":"ImageObject","inLanguage":"et","@id":"https:\/\/ringsem.ee\/amar\/#\/schema\/logo\/image\/","url":"http:\/\/ringsem.ee\/amar\/wp-content\/uploads\/2025\/04\/cropped-Ringsem-logo-labipaistev-taust.png","contentUrl":"http:\/\/ringsem.ee\/amar\/wp-content\/uploads\/2025\/04\/cropped-Ringsem-logo-labipaistev-taust.png","width":1234,"height":412,"caption":"Amar pinnakaitsematid"},"image":{"@id":"https:\/\/ringsem.ee\/amar\/#\/schema\/logo\/image\/"},"sameAs":["https:\/\/www.facebook.com\/profile.php?id=61565360201288"]}]}},"uagb_featured_image_src":{"full":false,"thumbnail":false,"medium":false,"medium_large":false,"large":false,"1536x1536":false,"2048x2048":false,"woocommerce_thumbnail":false,"woocommerce_single":false,"woocommerce_gallery_thumbnail":false},"uagb_author_info":{"display_name":"vilsaark","author_link":"http:\/\/ringsem.ee\/amar\/author\/vilsaark\/"},"uagb_comment_info":0,"uagb_excerpt":"Meie e-poes saate valida soovitud koguse, ning n\u00e4ha toodete maksumust. Toodete tarneaeg on&nbsp; kuni 5 n\u00e4dalat. Laos olevad tooted saame tarnida keskmiselt 1-2 t\u00f6\u00f6p\u00e4eva jooksul.&nbsp; Vajutades &#8220;saada p\u00e4ring&#8221; nuppu edastatakse andmed meie t\u00f6\u00f6tajale kes saadab Teile info laoseisu v\u00f5imaliku transpordi maksumuse kohta.&nbsp; Tellitavatel kaupadel tuleb ostusumma maksta enne kaupade v\u00e4ljastamist.&nbsp;&nbsp;","jetpack_sharing_enabled":true,"_links":{"self":[{"href":"http:\/\/ringsem.ee\/amar\/wp-json\/wp\/v2\/pages\/1453","targetHints":{"allow":["GET"]}}],"collection":[{"href":"http:\/\/ringsem.ee\/amar\/wp-json\/wp\/v2\/pages"}],"about":[{"href":"http:\/\/ringsem.ee\/amar\/wp-json\/wp\/v2\/types\/page"}],"author":[{"embeddable":true,"href":"http:\/\/ringsem.ee\/amar\/wp-json\/wp\/v2\/users\/1"}],"replies":[{"embeddable":true,"href":"http:\/\/ringsem.ee\/amar\/wp-json\/wp\/v2\/comments?post=1453"}],"version-history":[{"count":5,"href":"http:\/\/ringsem.ee\/amar\/wp-json\/wp\/v2\/pages\/1453\/revisions"}],"predecessor-version":[{"id":2469,"href":"http:\/\/ringsem.ee\/amar\/wp-json\/wp\/v2\/pages\/1453\/revisions\/2469"}],"wp:attachment":[{"href":"http:\/\/ringsem.ee\/amar\/wp-json\/wp\/v2\/media?parent=1453"}],"curies":[{"name":"wp","href":"https:\/\/api.w.org\/{rel}","templated":true}]}}