{"id":2777,"date":"2025-04-29T17:44:01","date_gmt":"2025-04-29T15:44:01","guid":{"rendered":"https:\/\/www.ringsem.ee\/amar\/?post_type=product&#038;p=2777"},"modified":"2025-08-14T07:43:36","modified_gmt":"2025-08-14T05:43:36","slug":"terra-grid-rc-40","status":"publish","type":"product","link":"http:\/\/ringsem.ee\/amar\/toode\/terra-grid-rc-40\/","title":{"rendered":"TERRA-GRID RC 40"},"content":{"rendered":"<p>Kvaliteetne muruk\u00e4rg kandev\u00f5imega kuni 160 t\/m2. Sobib muru alade ja kruusa pinnase tihendamiseks. Kandev\u00f5ime s\u00f5ltub aluspinnasest<\/p>\n<p>Kasutusalad muru v\u00f5i kruusaga kaetud alad: parkimisplatsid, k\u00e4iguteed jm. Valmistatud Euroopas kvaliteetsest ringlussev\u00f5etud LDPE materjalist.<\/p>\n<p>Plaadi m\u00f5\u00f5tmed: 600 x 400 x 40 mm,\u00a0 kaal 1,43 kg<\/p>\n","protected":false},"excerpt":{"rendered":"<p>Kvaliteetne muruk\u00e4rg kandev\u00f5imega kuni 160 t\/m2. Sobib muru alade ja kruusa pinnase tihendamiseks. Kandev\u00f5ime s\u00f5ltub aluspinnasest Kasutusalad muru v\u00f5i kruusaga kaetud alad: parkimisplatsid, k\u00e4iguteed jm. Valmistatud Euroopas kvaliteetsest ringlussev\u00f5etud LDPE materjalist. Plaadi m\u00f5\u00f5tmed: 600 x 400 x 40 mm,\u00a0 kaal 1,43 kg<\/p>\n","protected":false},"featured_media":2782,"template":"","meta":{"_uag_custom_page_level_css":"","site-sidebar-layout":"default","site-content-layout":"","ast-site-content-layout":"default","site-content-style":"default","site-sidebar-style":"default","ast-global-header-display":"","ast-banner-title-visibility":"","ast-main-header-display":"","ast-hfb-above-header-display":"","ast-hfb-below-header-display":"","ast-hfb-mobile-header-display":"","site-post-title":"","ast-breadcrumbs-content":"","ast-featured-img":"","footer-sml-layout":"","theme-transparent-header-meta":"default","adv-header-id-meta":"","stick-header-meta":"","header-above-stick-meta":"","header-main-stick-meta":"","header-below-stick-meta":"","astra-migrate-meta-layouts":"set","ast-page-background-enabled":"default","ast-page-background-meta":{"desktop":{"background-color":"","background-image":"","background-repeat":"repeat","background-position":"center center","background-size":"auto","background-attachment":"scroll","background-type":"","background-media":"","overlay-type":"","overlay-color":"","overlay-opacity":"","overlay-gradient":""},"tablet":{"background-color":"","background-image":"","background-repeat":"repeat","background-position":"center center","background-size":"auto","background-attachment":"scroll","background-type":"","background-media":"","overlay-type":"","overlay-color":"","overlay-opacity":"","overlay-gradient":""},"mobile":{"background-color":"","background-image":"","background-repeat":"repeat","background-position":"center center","background-size":"auto","background-attachment":"scroll","background-type":"","background-media":"","overlay-type":"","overlay-color":"","overlay-opacity":"","overlay-gradient":""}},"ast-content-background-meta":{"desktop":{"background-color":"var(--ast-global-color-5)","background-image":"","background-repeat":"repeat","background-position":"center center","background-size":"auto","background-attachment":"scroll","background-type":"","background-media":"","overlay-type":"","overlay-color":"","overlay-opacity":"","overlay-gradient":""},"tablet":{"background-color":"var(--ast-global-color-5)","background-image":"","background-repeat":"repeat","background-position":"center center","background-size":"auto","background-attachment":"scroll","background-type":"","background-media":"","overlay-type":"","overlay-color":"","overlay-opacity":"","overlay-gradient":""},"mobile":{"background-color":"var(--ast-global-color-5)","background-image":"","background-repeat":"repeat","background-position":"center center","background-size":"auto","background-attachment":"scroll","background-type":"","background-media":"","overlay-type":"","overlay-color":"","overlay-opacity":"","overlay-gradient":""}}},"product_brand":[],"product_cat":[64],"product_tag":[66],"class_list":{"0":"post-2777","1":"product","2":"type-product","3":"status-publish","4":"has-post-thumbnail","6":"product_cat-murukarjed","7":"product_tag-murukarg","8":"desktop-align-left","9":"tablet-align-left","10":"mobile-align-left","12":"first","13":"instock","14":"taxable","15":"shipping-taxable","16":"purchasable","17":"product-type-simple"},"yoast_head":"<!-- This site is optimized with the Yoast SEO plugin v27.5 - https:\/\/yoast.com\/product\/yoast-seo-wordpress\/ -->\n<title>TERRA-GRID RC 40 - Ringsem pinnakaitsematid<\/title>\n<meta name=\"description\" content=\"Kvaliteetne muruk\u00e4rg kandev\u00f5imega kuni 160 t\/m2. Sobib muru alade ja kruusa pinnase tihendamiseks. Kasutusalad muru v\u00f5i kruusaga kaetud alad: parkimisplatsid, k\u00e4iguteed jm. Valmistatud Euroopas kvaliteetsest ringlussev\u00f5etud LDPE materjalist.\" \/>\n<meta name=\"robots\" content=\"index, follow, max-snippet:-1, max-image-preview:large, max-video-preview:-1\" \/>\n<link rel=\"canonical\" href=\"https:\/\/www.ringsem.ee\/amar\/toode\/terra-grid-rc-40\/\" \/>\n<meta property=\"og:locale\" content=\"et_EE\" \/>\n<meta property=\"og:type\" content=\"article\" \/>\n<meta property=\"og:title\" content=\"TERRA-GRID RC 40 - Ringsem pinnakaitsematid\" \/>\n<meta property=\"og:description\" content=\"Kvaliteetne muruk\u00e4rg kandev\u00f5imega kuni 160 t\/m2. Sobib muru alade ja kruusa pinnase tihendamiseks. Kasutusalad muru v\u00f5i kruusaga kaetud alad: parkimisplatsid, k\u00e4iguteed jm. Valmistatud Euroopas kvaliteetsest ringlussev\u00f5etud LDPE materjalist.\" \/>\n<meta property=\"og:url\" content=\"https:\/\/www.ringsem.ee\/amar\/toode\/terra-grid-rc-40\/\" \/>\n<meta property=\"og:site_name\" content=\"Ringsem pinnakaitsematid\" \/>\n<meta property=\"article:publisher\" content=\"https:\/\/www.facebook.com\/profile.php?id=61565360201288\" \/>\n<meta property=\"article:modified_time\" content=\"2025-08-14T05:43:36+00:00\" \/>\n<meta property=\"og:image\" content=\"https:\/\/www.ringsem.ee\/amar\/wp-content\/uploads\/2025\/04\/Terra_grid_RC40_murukarg-1024x683.png\" \/>\n\t<meta property=\"og:image:width\" content=\"1024\" \/>\n\t<meta property=\"og:image:height\" content=\"683\" \/>\n\t<meta property=\"og:image:type\" content=\"image\/png\" \/>\n<meta name=\"twitter:card\" content=\"summary_large_image\" \/>\n<meta name=\"twitter:label1\" content=\"Est. reading time\" \/>\n\t<meta name=\"twitter:data1\" content=\"1 minut\" \/>\n<script type=\"application\/ld+json\" class=\"yoast-schema-graph\">{\"@context\":\"https:\\\/\\\/schema.org\",\"@graph\":[{\"@type\":\"WebPage\",\"@id\":\"https:\\\/\\\/www.ringsem.ee\\\/amar\\\/toode\\\/terra-grid-rc-40\\\/\",\"url\":\"https:\\\/\\\/www.ringsem.ee\\\/amar\\\/toode\\\/terra-grid-rc-40\\\/\",\"name\":\"TERRA-GRID RC 40 - Ringsem pinnakaitsematid\",\"isPartOf\":{\"@id\":\"https:\\\/\\\/ringsem.ee\\\/amar\\\/#website\"},\"primaryImageOfPage\":{\"@id\":\"https:\\\/\\\/www.ringsem.ee\\\/amar\\\/toode\\\/terra-grid-rc-40\\\/#primaryimage\"},\"image\":{\"@id\":\"https:\\\/\\\/www.ringsem.ee\\\/amar\\\/toode\\\/terra-grid-rc-40\\\/#primaryimage\"},\"thumbnailUrl\":\"http:\\\/\\\/ringsem.ee\\\/amar\\\/wp-content\\\/uploads\\\/2025\\\/04\\\/Terra_grid_RC40_murukarg.png\",\"datePublished\":\"2025-04-29T15:44:01+00:00\",\"dateModified\":\"2025-08-14T05:43:36+00:00\",\"description\":\"Kvaliteetne muruk\u00e4rg kandev\u00f5imega kuni 160 t\\\/m2. Sobib muru alade ja kruusa pinnase tihendamiseks. Kasutusalad muru v\u00f5i kruusaga kaetud alad: parkimisplatsid, k\u00e4iguteed jm. Valmistatud Euroopas kvaliteetsest ringlussev\u00f5etud LDPE materjalist.\",\"breadcrumb\":{\"@id\":\"https:\\\/\\\/www.ringsem.ee\\\/amar\\\/toode\\\/terra-grid-rc-40\\\/#breadcrumb\"},\"inLanguage\":\"et\",\"potentialAction\":[{\"@type\":\"ReadAction\",\"target\":[\"https:\\\/\\\/www.ringsem.ee\\\/amar\\\/toode\\\/terra-grid-rc-40\\\/\"]}]},{\"@type\":\"ImageObject\",\"inLanguage\":\"et\",\"@id\":\"https:\\\/\\\/www.ringsem.ee\\\/amar\\\/toode\\\/terra-grid-rc-40\\\/#primaryimage\",\"url\":\"http:\\\/\\\/ringsem.ee\\\/amar\\\/wp-content\\\/uploads\\\/2025\\\/04\\\/Terra_grid_RC40_murukarg.png\",\"contentUrl\":\"http:\\\/\\\/ringsem.ee\\\/amar\\\/wp-content\\\/uploads\\\/2025\\\/04\\\/Terra_grid_RC40_murukarg.png\",\"width\":1800,\"height\":1200},{\"@type\":\"BreadcrumbList\",\"@id\":\"https:\\\/\\\/www.ringsem.ee\\\/amar\\\/toode\\\/terra-grid-rc-40\\\/#breadcrumb\",\"itemListElement\":[{\"@type\":\"ListItem\",\"position\":1,\"name\":\"Home\",\"item\":\"https:\\\/\\\/ringsem.ee\\\/amar\\\/\"},{\"@type\":\"ListItem\",\"position\":2,\"name\":\"Pood\",\"item\":\"http:\\\/\\\/www.ringsem.ee\\\/amar\\\/pood\\\/\"},{\"@type\":\"ListItem\",\"position\":3,\"name\":\"TERRA-GRID RC 40\"}]},{\"@type\":\"WebSite\",\"@id\":\"https:\\\/\\\/ringsem.ee\\\/amar\\\/#website\",\"url\":\"https:\\\/\\\/ringsem.ee\\\/amar\\\/\",\"name\":\"Ringsem Amar\",\"description\":\"Pinnakaitsemattidega kaitsed aluspinnast olgu selleks muru, sillutis v\u00f5i siseruumide p\u00f5rand.  Ringsem tootevalikus on Danrec-i kvaliteetsed ja pikaealised pinnakaitsematid.\",\"publisher\":{\"@id\":\"https:\\\/\\\/ringsem.ee\\\/amar\\\/#organization\"},\"alternateName\":\"Pinnakaitsematid\",\"potentialAction\":[{\"@type\":\"SearchAction\",\"target\":{\"@type\":\"EntryPoint\",\"urlTemplate\":\"https:\\\/\\\/ringsem.ee\\\/amar\\\/?s={search_term_string}\"},\"query-input\":{\"@type\":\"PropertyValueSpecification\",\"valueRequired\":true,\"valueName\":\"search_term_string\"}}],\"inLanguage\":\"et\"},{\"@type\":\"Organization\",\"@id\":\"https:\\\/\\\/ringsem.ee\\\/amar\\\/#organization\",\"name\":\"Amar pinnakaitsematid\",\"alternateName\":\"Ringsem.ee\",\"url\":\"https:\\\/\\\/ringsem.ee\\\/amar\\\/\",\"logo\":{\"@type\":\"ImageObject\",\"inLanguage\":\"et\",\"@id\":\"https:\\\/\\\/ringsem.ee\\\/amar\\\/#\\\/schema\\\/logo\\\/image\\\/\",\"url\":\"http:\\\/\\\/ringsem.ee\\\/amar\\\/wp-content\\\/uploads\\\/2025\\\/04\\\/cropped-Ringsem-logo-labipaistev-taust.png\",\"contentUrl\":\"http:\\\/\\\/ringsem.ee\\\/amar\\\/wp-content\\\/uploads\\\/2025\\\/04\\\/cropped-Ringsem-logo-labipaistev-taust.png\",\"width\":1234,\"height\":412,\"caption\":\"Amar pinnakaitsematid\"},\"image\":{\"@id\":\"https:\\\/\\\/ringsem.ee\\\/amar\\\/#\\\/schema\\\/logo\\\/image\\\/\"},\"sameAs\":[\"https:\\\/\\\/www.facebook.com\\\/profile.php?id=61565360201288\"]}]}<\/script>\n<!-- \/ Yoast SEO plugin. -->","yoast_head_json":{"title":"TERRA-GRID RC 40 - Ringsem pinnakaitsematid","description":"Kvaliteetne muruk\u00e4rg kandev\u00f5imega kuni 160 t\/m2. Sobib muru alade ja kruusa pinnase tihendamiseks. Kasutusalad muru v\u00f5i kruusaga kaetud alad: parkimisplatsid, k\u00e4iguteed jm. Valmistatud Euroopas kvaliteetsest ringlussev\u00f5etud LDPE materjalist.","robots":{"index":"index","follow":"follow","max-snippet":"max-snippet:-1","max-image-preview":"max-image-preview:large","max-video-preview":"max-video-preview:-1"},"canonical":"https:\/\/www.ringsem.ee\/amar\/toode\/terra-grid-rc-40\/","og_locale":"et_EE","og_type":"article","og_title":"TERRA-GRID RC 40 - Ringsem pinnakaitsematid","og_description":"Kvaliteetne muruk\u00e4rg kandev\u00f5imega kuni 160 t\/m2. Sobib muru alade ja kruusa pinnase tihendamiseks. Kasutusalad muru v\u00f5i kruusaga kaetud alad: parkimisplatsid, k\u00e4iguteed jm. Valmistatud Euroopas kvaliteetsest ringlussev\u00f5etud LDPE materjalist.","og_url":"https:\/\/www.ringsem.ee\/amar\/toode\/terra-grid-rc-40\/","og_site_name":"Ringsem pinnakaitsematid","article_publisher":"https:\/\/www.facebook.com\/profile.php?id=61565360201288","article_modified_time":"2025-08-14T05:43:36+00:00","og_image":[{"width":1024,"height":683,"url":"https:\/\/www.ringsem.ee\/amar\/wp-content\/uploads\/2025\/04\/Terra_grid_RC40_murukarg-1024x683.png","type":"image\/png"}],"twitter_card":"summary_large_image","twitter_misc":{"Est. reading time":"1 minut"},"schema":{"@context":"https:\/\/schema.org","@graph":[{"@type":"WebPage","@id":"https:\/\/www.ringsem.ee\/amar\/toode\/terra-grid-rc-40\/","url":"https:\/\/www.ringsem.ee\/amar\/toode\/terra-grid-rc-40\/","name":"TERRA-GRID RC 40 - Ringsem pinnakaitsematid","isPartOf":{"@id":"https:\/\/ringsem.ee\/amar\/#website"},"primaryImageOfPage":{"@id":"https:\/\/www.ringsem.ee\/amar\/toode\/terra-grid-rc-40\/#primaryimage"},"image":{"@id":"https:\/\/www.ringsem.ee\/amar\/toode\/terra-grid-rc-40\/#primaryimage"},"thumbnailUrl":"http:\/\/ringsem.ee\/amar\/wp-content\/uploads\/2025\/04\/Terra_grid_RC40_murukarg.png","datePublished":"2025-04-29T15:44:01+00:00","dateModified":"2025-08-14T05:43:36+00:00","description":"Kvaliteetne muruk\u00e4rg kandev\u00f5imega kuni 160 t\/m2. Sobib muru alade ja kruusa pinnase tihendamiseks. Kasutusalad muru v\u00f5i kruusaga kaetud alad: parkimisplatsid, k\u00e4iguteed jm. Valmistatud Euroopas kvaliteetsest ringlussev\u00f5etud LDPE materjalist.","breadcrumb":{"@id":"https:\/\/www.ringsem.ee\/amar\/toode\/terra-grid-rc-40\/#breadcrumb"},"inLanguage":"et","potentialAction":[{"@type":"ReadAction","target":["https:\/\/www.ringsem.ee\/amar\/toode\/terra-grid-rc-40\/"]}]},{"@type":"ImageObject","inLanguage":"et","@id":"https:\/\/www.ringsem.ee\/amar\/toode\/terra-grid-rc-40\/#primaryimage","url":"http:\/\/ringsem.ee\/amar\/wp-content\/uploads\/2025\/04\/Terra_grid_RC40_murukarg.png","contentUrl":"http:\/\/ringsem.ee\/amar\/wp-content\/uploads\/2025\/04\/Terra_grid_RC40_murukarg.png","width":1800,"height":1200},{"@type":"BreadcrumbList","@id":"https:\/\/www.ringsem.ee\/amar\/toode\/terra-grid-rc-40\/#breadcrumb","itemListElement":[{"@type":"ListItem","position":1,"name":"Home","item":"https:\/\/ringsem.ee\/amar\/"},{"@type":"ListItem","position":2,"name":"Pood","item":"http:\/\/www.ringsem.ee\/amar\/pood\/"},{"@type":"ListItem","position":3,"name":"TERRA-GRID RC 40"}]},{"@type":"WebSite","@id":"https:\/\/ringsem.ee\/amar\/#website","url":"https:\/\/ringsem.ee\/amar\/","name":"Ringsem Amar","description":"Pinnakaitsemattidega kaitsed aluspinnast olgu selleks muru, sillutis v\u00f5i siseruumide p\u00f5rand.  Ringsem tootevalikus on Danrec-i kvaliteetsed ja pikaealised pinnakaitsematid.","publisher":{"@id":"https:\/\/ringsem.ee\/amar\/#organization"},"alternateName":"Pinnakaitsematid","potentialAction":[{"@type":"SearchAction","target":{"@type":"EntryPoint","urlTemplate":"https:\/\/ringsem.ee\/amar\/?s={search_term_string}"},"query-input":{"@type":"PropertyValueSpecification","valueRequired":true,"valueName":"search_term_string"}}],"inLanguage":"et"},{"@type":"Organization","@id":"https:\/\/ringsem.ee\/amar\/#organization","name":"Amar pinnakaitsematid","alternateName":"Ringsem.ee","url":"https:\/\/ringsem.ee\/amar\/","logo":{"@type":"ImageObject","inLanguage":"et","@id":"https:\/\/ringsem.ee\/amar\/#\/schema\/logo\/image\/","url":"http:\/\/ringsem.ee\/amar\/wp-content\/uploads\/2025\/04\/cropped-Ringsem-logo-labipaistev-taust.png","contentUrl":"http:\/\/ringsem.ee\/amar\/wp-content\/uploads\/2025\/04\/cropped-Ringsem-logo-labipaistev-taust.png","width":1234,"height":412,"caption":"Amar pinnakaitsematid"},"image":{"@id":"https:\/\/ringsem.ee\/amar\/#\/schema\/logo\/image\/"},"sameAs":["https:\/\/www.facebook.com\/profile.php?id=61565360201288"]}]}},"uagb_featured_image_src":{"full":["http:\/\/ringsem.ee\/amar\/wp-content\/uploads\/2025\/04\/Terra_grid_RC40_murukarg.png",1800,1200,false],"thumbnail":["http:\/\/ringsem.ee\/amar\/wp-content\/uploads\/2025\/04\/Terra_grid_RC40_murukarg-150x150.png",150,150,true],"medium":["http:\/\/ringsem.ee\/amar\/wp-content\/uploads\/2025\/04\/Terra_grid_RC40_murukarg-300x200.png",300,200,true],"medium_large":["http:\/\/ringsem.ee\/amar\/wp-content\/uploads\/2025\/04\/Terra_grid_RC40_murukarg-768x512.png",768,512,true],"large":["http:\/\/ringsem.ee\/amar\/wp-content\/uploads\/2025\/04\/Terra_grid_RC40_murukarg-1024x683.png",1024,683,true],"1536x1536":["http:\/\/ringsem.ee\/amar\/wp-content\/uploads\/2025\/04\/Terra_grid_RC40_murukarg-1536x1024.png",1536,1024,true],"2048x2048":["http:\/\/ringsem.ee\/amar\/wp-content\/uploads\/2025\/04\/Terra_grid_RC40_murukarg.png",1800,1200,false],"woocommerce_thumbnail":["http:\/\/ringsem.ee\/amar\/wp-content\/uploads\/2025\/04\/Terra_grid_RC40_murukarg-300x300.png",300,300,true],"woocommerce_single":["http:\/\/ringsem.ee\/amar\/wp-content\/uploads\/2025\/04\/Terra_grid_RC40_murukarg-600x400.png",600,400,true],"woocommerce_gallery_thumbnail":["http:\/\/ringsem.ee\/amar\/wp-content\/uploads\/2025\/04\/Terra_grid_RC40_murukarg-100x100.png",100,100,true]},"uagb_author_info":{"display_name":"vilsaark","author_link":"http:\/\/ringsem.ee\/amar\/author\/"},"uagb_comment_info":0,"uagb_excerpt":"Kvaliteetne muruk\u00e4rg kandev\u00f5imega kuni 160 t\/m2. Sobib muru alade ja kruusa pinnase tihendamiseks. Kandev\u00f5ime s\u00f5ltub aluspinnasest Kasutusalad muru v\u00f5i kruusaga kaetud alad: parkimisplatsid, k\u00e4iguteed jm. Valmistatud Euroopas kvaliteetsest ringlussev\u00f5etud LDPE materjalist. Plaadi m\u00f5\u00f5tmed: 600 x 400 x 40 mm,\u00a0 kaal 1,43 kg","jetpack_sharing_enabled":true,"_links":{"self":[{"href":"http:\/\/ringsem.ee\/amar\/wp-json\/wp\/v2\/product\/2777","targetHints":{"allow":["GET"]}}],"collection":[{"href":"http:\/\/ringsem.ee\/amar\/wp-json\/wp\/v2\/product"}],"about":[{"href":"http:\/\/ringsem.ee\/amar\/wp-json\/wp\/v2\/types\/product"}],"wp:featuredmedia":[{"embeddable":true,"href":"http:\/\/ringsem.ee\/amar\/wp-json\/wp\/v2\/media\/2782"}],"wp:attachment":[{"href":"http:\/\/ringsem.ee\/amar\/wp-json\/wp\/v2\/media?parent=2777"}],"wp:term":[{"taxonomy":"product_brand","embeddable":true,"href":"http:\/\/ringsem.ee\/amar\/wp-json\/wp\/v2\/product_brand?post=2777"},{"taxonomy":"product_cat","embeddable":true,"href":"http:\/\/ringsem.ee\/amar\/wp-json\/wp\/v2\/product_cat?post=2777"},{"taxonomy":"product_tag","embeddable":true,"href":"http:\/\/ringsem.ee\/amar\/wp-json\/wp\/v2\/product_tag?post=2777"}],"curies":[{"name":"wp","href":"https:\/\/api.w.org\/{rel}","templated":true}]}}